{"id":10998,"date":"2024-03-27T20:33:26","date_gmt":"2024-03-27T20:33:26","guid":{"rendered":"http:\/\/www.ciudadymemoria.cdmx.gob.mx\/?page_id=10998"},"modified":"2024-03-27T20:36:57","modified_gmt":"2024-03-27T20:36:57","slug":"acerca-de-cudad-y-memoria","status":"publish","type":"page","link":"http:\/\/www.ciudadymemoria.cdmx.gob.mx\/index.php\/acerca-de-cudad-y-memoria\/","title":{"rendered":"ACERCA DE CUDAD Y MEMORIA"},"content":{"rendered":"\n<p>Ciudad y Memoria, es un espacio dedicado a preservar y rememorar lugares y personajes destacados con gran valor hist\u00f3rico para la Ciudad de M\u00e9xico.<br>En este sitio los usuarios podr\u00e1n encontrar gran variedad de art\u00edculos, rese\u00f1as, cr\u00f3nicas, fotograf\u00edas, videos, entrevistas y recorridos sobre sus museos, murales, eidificos, parques, restaurantes, recintos culturales, etc; que funcionar\u00e1n como una gu\u00eda para las y los habitantes de la Ciudad y sus visitantes.<\/p>\n\n\n\n<div style=\"height:100px\" aria-hidden=\"true\" class=\"wp-block-spacer\"><\/div>\n\n\n\n<figure class=\"wp-block-image aligncenter size-large\"><img loading=\"lazy\" decoding=\"async\" width=\"1024\" height=\"597\" src=\"http:\/\/www.ciudadymemoria.cdmx.gob.mx\/wp-content\/uploads\/2024\/03\/foto-memoria-1024x597.jpeg\" alt=\"\" class=\"wp-image-10996\" srcset=\"http:\/\/www.ciudadymemoria.cdmx.gob.mx\/wp-content\/uploads\/2024\/03\/foto-memoria-1024x597.jpeg 1024w, http:\/\/www.ciudadymemoria.cdmx.gob.mx\/wp-content\/uploads\/2024\/03\/foto-memoria-300x175.jpeg 300w, http:\/\/www.ciudadymemoria.cdmx.gob.mx\/wp-content\/uploads\/2024\/03\/foto-memoria-768x448.jpeg 768w, http:\/\/www.ciudadymemoria.cdmx.gob.mx\/wp-content\/uploads\/2024\/03\/foto-memoria.jpeg 1144w\" sizes=\"auto, (max-width: 1024px) 100vw, 1024px\" \/><\/figure>\n","protected":false},"excerpt":{"rendered":"<p>Ciudad y Memoria, es un espacio dedicado a preservar y rememorar lugares y personajes destacados con gran valor hist\u00f3rico para la Ciudad de M\u00e9xico.En este sitio los usuarios podr\u00e1n encontrar gran variedad de art\u00edculos, rese\u00f1as, cr\u00f3nicas, fotograf\u00edas, videos, entrevistas y recorridos sobre sus museos, murales, eidificos, parques, restaurantes, recintos culturales, etc; que funcionar\u00e1n como una &hellip;<\/p>\n<p class=\"read-more\"> <a class=\"\" href=\"http:\/\/www.ciudadymemoria.cdmx.gob.mx\/index.php\/acerca-de-cudad-y-memoria\/\"> <span class=\"screen-reader-text\">ACERCA DE CUDAD Y MEMORIA<\/span> Leer m\u00e1s &raquo;<\/a><\/p>\n","protected":false},"author":4,"featured_media":10996,"parent":0,"menu_order":0,"comment_status":"closed","ping_status":"closed","template":"","meta":{"_uag_custom_page_level_css":"","site-sidebar-layout":"default","site-content-layout":"","ast-site-content-layout":"default","site-content-style":"default","site-sidebar-style":"default","ast-global-header-display":"","ast-banner-title-visibility":"","ast-main-header-display":"","ast-hfb-above-header-display":"","ast-hfb-below-header-display":"","ast-hfb-mobile-header-display":"","site-post-title":"","ast-breadcrumbs-content":"","ast-featured-img":"disabled","footer-sml-layout":"","theme-transparent-header-meta":"","adv-header-id-meta":"","stick-header-meta":"","header-above-stick-meta":"","header-main-stick-meta":"","header-below-stick-meta":"","astra-migrate-meta-layouts":"set","ast-page-background-enabled":"default","ast-page-background-meta":{"desktop":{"background-color":"var(--ast-global-color-4)","background-image":"","background-repeat":"repeat","background-position":"center center","background-size":"auto","background-attachment":"scroll","background-type":"","background-media":"","overlay-type":"","overlay-color":"","overlay-gradient":""},"tablet":{"background-color":"","background-image":"","background-repeat":"repeat","background-position":"center center","background-size":"auto","background-attachment":"scroll","background-type":"","background-media":"","overlay-type":"","overlay-color":"","overlay-gradient":""},"mobile":{"background-color":"","background-image":"","background-repeat":"repeat","background-position":"center center","background-size":"auto","background-attachment":"scroll","background-type":"","background-media":"","overlay-type":"","overlay-color":"","overlay-gradient":""}},"ast-content-background-meta":{"desktop":{"background-color":"var(--ast-global-color-5)","background-image":"","background-repeat":"repeat","background-position":"center center","background-size":"auto","background-attachment":"scroll","background-type":"","background-media":"","overlay-type":"","overlay-color":"","overlay-gradient":""},"tablet":{"background-color":"var(--ast-global-color-5)","background-image":"","background-repeat":"repeat","background-position":"center center","background-size":"auto","background-attachment":"scroll","background-type":"","background-media":"","overlay-type":"","overlay-color":"","overlay-gradient":""},"mobile":{"background-color":"var(--ast-global-color-5)","background-image":"","background-repeat":"repeat","background-position":"center center","background-size":"auto","background-attachment":"scroll","background-type":"","background-media":"","overlay-type":"","overlay-color":"","overlay-gradient":""}},"footnotes":""},"class_list":["post-10998","page","type-page","status-publish","has-post-thumbnail","hentry"],"uagb_featured_image_src":{"full":["http:\/\/www.ciudadymemoria.cdmx.gob.mx\/wp-content\/uploads\/2024\/03\/foto-memoria.jpeg",1144,667,false],"thumbnail":["http:\/\/www.ciudadymemoria.cdmx.gob.mx\/wp-content\/uploads\/2024\/03\/foto-memoria-150x150.jpeg",150,150,true],"medium":["http:\/\/www.ciudadymemoria.cdmx.gob.mx\/wp-content\/uploads\/2024\/03\/foto-memoria-300x175.jpeg",300,175,true],"medium_large":["http:\/\/www.ciudadymemoria.cdmx.gob.mx\/wp-content\/uploads\/2024\/03\/foto-memoria-768x448.jpeg",768,448,true],"large":["http:\/\/www.ciudadymemoria.cdmx.gob.mx\/wp-content\/uploads\/2024\/03\/foto-memoria-1024x597.jpeg",1024,597,true],"1536x1536":["http:\/\/www.ciudadymemoria.cdmx.gob.mx\/wp-content\/uploads\/2024\/03\/foto-memoria.jpeg",1144,667,false],"2048x2048":["http:\/\/www.ciudadymemoria.cdmx.gob.mx\/wp-content\/uploads\/2024\/03\/foto-memoria.jpeg",1144,667,false]},"uagb_author_info":{"display_name":"Erick L\u00f3pez","author_link":"http:\/\/www.ciudadymemoria.cdmx.gob.mx\/index.php\/author\/erick020524hotmail-com\/"},"uagb_comment_info":0,"uagb_excerpt":"Ciudad y Memoria, es un espacio dedicado a preservar y rememorar lugares y personajes destacados con gran valor hist\u00f3rico para la Ciudad de M\u00e9xico.En este sitio los usuarios podr\u00e1n encontrar gran variedad de art\u00edculos, rese\u00f1as, cr\u00f3nicas, fotograf\u00edas, videos, entrevistas y recorridos sobre sus museos, murales, eidificos, parques, restaurantes, recintos culturales, etc; que funcionar\u00e1n como una&hellip;","_links":{"self":[{"href":"http:\/\/www.ciudadymemoria.cdmx.gob.mx\/index.php\/wp-json\/wp\/v2\/pages\/10998","targetHints":{"allow":["GET"]}}],"collection":[{"href":"http:\/\/www.ciudadymemoria.cdmx.gob.mx\/index.php\/wp-json\/wp\/v2\/pages"}],"about":[{"href":"http:\/\/www.ciudadymemoria.cdmx.gob.mx\/index.php\/wp-json\/wp\/v2\/types\/page"}],"author":[{"embeddable":true,"href":"http:\/\/www.ciudadymemoria.cdmx.gob.mx\/index.php\/wp-json\/wp\/v2\/users\/4"}],"replies":[{"embeddable":true,"href":"http:\/\/www.ciudadymemoria.cdmx.gob.mx\/index.php\/wp-json\/wp\/v2\/comments?post=10998"}],"version-history":[{"count":1,"href":"http:\/\/www.ciudadymemoria.cdmx.gob.mx\/index.php\/wp-json\/wp\/v2\/pages\/10998\/revisions"}],"predecessor-version":[{"id":10999,"href":"http:\/\/www.ciudadymemoria.cdmx.gob.mx\/index.php\/wp-json\/wp\/v2\/pages\/10998\/revisions\/10999"}],"wp:featuredmedia":[{"embeddable":true,"href":"http:\/\/www.ciudadymemoria.cdmx.gob.mx\/index.php\/wp-json\/wp\/v2\/media\/10996"}],"wp:attachment":[{"href":"http:\/\/www.ciudadymemoria.cdmx.gob.mx\/index.php\/wp-json\/wp\/v2\/media?parent=10998"}],"curies":[{"name":"wp","href":"https:\/\/api.w.org\/{rel}","templated":true}]}}